{"id":8290,"date":"2024-12-29T16:12:58","date_gmt":"2024-12-29T16:12:58","guid":{"rendered":"https:\/\/takimca.com\/?page_id=8290"},"modified":"2025-05-13T01:29:25","modified_gmt":"2025-05-12T22:29:25","slug":"python-developer","status":"publish","type":"page","link":"https:\/\/takimca.com\/tr\/about\/careers\/python-developer\/","title":{"rendered":"Python Developer"},"content":{"rendered":"<div class=\"fusion-fullwidth fullwidth-box fusion-builder-row-1 fusion-flex-container has-pattern-background has-mask-background nonhundred-percent-fullwidth non-hundred-percent-height-scrolling\" style=\"--awb-border-radius-top-left:0px;--awb-border-radius-top-right:0px;--awb-border-radius-bottom-right:0px;--awb-border-radius-bottom-left:0px;--awb-flex-wrap:wrap;\" ><div class=\"fusion-builder-row fusion-row fusion-flex-align-items-flex-start fusion-flex-content-wrap\" style=\"max-width:1422.72px;margin-left: calc(-4% \/ 2 );margin-right: calc(-4% \/ 2 );\"><div class=\"fusion-layout-column fusion_builder_column fusion-builder-column-0 fusion_builder_column_1_1 1_1 fusion-flex-column\" style=\"--awb-bg-size:cover;--awb-width-large:100%;--awb-margin-top-large:0px;--awb-spacing-right-large:1.92%;--awb-margin-bottom-large:20px;--awb-spacing-left-large:1.92%;--awb-width-medium:100%;--awb-order-medium:0;--awb-spacing-right-medium:1.92%;--awb-spacing-left-medium:1.92%;--awb-width-small:100%;--awb-order-small:0;--awb-spacing-right-small:1.92%;--awb-spacing-left-small:1.92%;\"><div class=\"fusion-column-wrapper fusion-column-has-shadow fusion-flex-justify-content-flex-start fusion-content-layout-column\"><div class=\"fusion-text fusion-text-1\"><p>As the TAKIMCA family, we provide services in terms of sustainability, offer in this direction and prepare for the future and technologies. We offer the world&#8217;s leading technology manufacturers and service providers with equipment that can be applied for the shipment of new generation technologies, and we make a difference with a better solution with 93% customer satisfaction.<\/p>\n<p>Join us to be a part of this professional team with next generation technologies!<\/p>\n<p>Our &#8220;<strong>Middle Backend Developer (Python)<\/strong>&#8221; candidates, who wants to be a partner in our strength, to be assigned in the Istanbul office of our company, which continues to add strength to its power.<\/p>\n<\/div><div class=\"fusion-title title fusion-title-1 fusion-title-text fusion-title-size-two\"><div class=\"title-sep-container title-sep-container-left fusion-no-large-visibility fusion-no-medium-visibility fusion-no-small-visibility\"><div class=\"title-sep sep- sep-solid\" style=\"border-color:var(--awb-color3);\"><\/div><\/div><span class=\"awb-title-spacer fusion-no-large-visibility fusion-no-medium-visibility fusion-no-small-visibility\"><\/span><h2 class=\"fusion-title-heading title-heading-left fusion-responsive-typography-calculated\" style=\"margin:0;text-transform:capitalize;--fontSize:42;line-height:var(--awb-typography1-line-height);\">Qualifications:<\/h2><span class=\"awb-title-spacer\"><\/span><div class=\"title-sep-container title-sep-container-right\"><div class=\"title-sep sep- sep-solid\" style=\"border-color:var(--awb-color3);\"><\/div><\/div><\/div><div class=\"fusion-text fusion-text-2\"><ul>\n<li>Bachelor&#8217;s degree in Computer Science or a related field.<\/li>\n<li>3-5 years of experience in backend development using Python.<\/li>\n<li>Solid understanding of virtualized and container-based environments.<\/li>\n<li>Proficiency in Python, PostgresSQL, React, Django, PostgreSQL, MongoDB, Nginx and Redis.<\/li>\n<li>Experience with development and test environment setup, code repositories, and pipelines.<\/li>\n<li>Familiarity with operating environments such as Docker and Kubernetes.<\/li>\n<li>Strong problem-solving skills.<\/li>\n<li>Excellent communication and teamwork abilities.<\/li>\n<\/ul>\n<\/div><div class=\"fusion-title title fusion-title-2 fusion-title-text fusion-title-size-two\"><div class=\"title-sep-container title-sep-container-left fusion-no-large-visibility fusion-no-medium-visibility fusion-no-small-visibility\"><div class=\"title-sep sep- sep-solid\" style=\"border-color:var(--awb-color3);\"><\/div><\/div><span class=\"awb-title-spacer fusion-no-large-visibility fusion-no-medium-visibility fusion-no-small-visibility\"><\/span><h2 class=\"fusion-title-heading title-heading-left fusion-responsive-typography-calculated\" style=\"margin:0;text-transform:capitalize;--fontSize:42;line-height:var(--awb-typography1-line-height);\">Job Description:<\/h2><span class=\"awb-title-spacer\"><\/span><div class=\"title-sep-container title-sep-container-right\"><div class=\"title-sep sep- sep-solid\" style=\"border-color:var(--awb-color3);\"><\/div><\/div><\/div><div class=\"fusion-text fusion-text-3\"><ul>\n<li>Contribute to the development, design, and maintenance of monitoring tools within virtualized and container-based environments.<\/li>\n<li>Collaborate closely with the team to ensure system functionality and adaptability to evolving requirements.<\/li>\n<li>Utilize Python and PostgresSQL proficiently within the technology stack for building and sustaining the simulator.<\/li>\n<li>Play a key role in creating and managing the tool platform incorporating Python, React, Django, PostgreSQL, MongoDB, Nginx and Redis.<\/li>\n<li>Assist in managing development and testing environments, including code repositories and pipelines.<\/li>\n<li>Help configure and maintain the system&#8217;s operating environment, including Docker and Kubernetes.<\/li>\n<li>Participate actively in the validation of the release integration environment.<\/li>\n<li>Contribute to performance, reliability, and security optimization efforts for the system.<\/li>\n<li><\/li>\n<\/ul>\n<\/div><div class=\"fusion-title title fusion-title-3 fusion-title-text fusion-title-size-two\"><div class=\"title-sep-container title-sep-container-left fusion-no-large-visibility fusion-no-medium-visibility fusion-no-small-visibility\"><div class=\"title-sep sep- sep-solid\" style=\"border-color:var(--awb-color3);\"><\/div><\/div><span class=\"awb-title-spacer fusion-no-large-visibility fusion-no-medium-visibility fusion-no-small-visibility\"><\/span><h2 class=\"fusion-title-heading title-heading-left fusion-responsive-typography-calculated\" style=\"margin:0;text-transform:capitalize;--fontSize:42;line-height:var(--awb-typography1-line-height);\">How We Work<\/h2><span class=\"awb-title-spacer\"><\/span><div class=\"title-sep-container title-sep-container-right\"><div class=\"title-sep sep- sep-solid\" style=\"border-color:var(--awb-color3);\"><\/div><\/div><\/div><div class=\"takimca-step-items takimca-step-items-1\" style=\"font-size:14px;line-height:23.8px;\"><div class=\"takimca-steps\">\t<p class=\"steps-number\" style=\"min-width: 40px;\">1<\/p>\t<div class=\"step-content\">\t\t<div class=\"takimca-step-title\"><h3 >IT Consulting<\/h3><\/div>\t\t<div class=\"takimca-step-description\">\n<p>Our IT consulting services encompass solution and platform consulting to help clients define their desired IT solutions clearly. Additionally, we offer strategic IT consulting to advise companies on enhancing their IT strategies.<\/p>\n<\/div>\t<\/div>\t<div class=\"takimca-step-line\" style=\"left: 20px;\"><\/div><\/div><div class=\"takimca-steps\">\t<p class=\"steps-number\" style=\"min-width: 40px;\">2<\/p>\t<div class=\"step-content\">\t\t<div class=\"takimca-step-title\"><h3 >Implementation<\/h3><\/div>\t\t<div class=\"takimca-step-description\">\n<p>Our IT consulting services encompass solution and platform consulting to help clients define their desired IT solutions clearly. Additionally, we In addition to developing and testing IT solutions, we stand prepared to aid our clients in integration, data migration, and other related processes. This ensures seamless integration of new IT solutions into corporate workflows, thereby enhancing business value. Support We<\/p>\n<\/div>\t<\/div>\t<div class=\"takimca-step-line\" style=\"left: 20px;\"><\/div><\/div><div class=\"takimca-steps\">\t<p class=\"steps-number\" style=\"min-width: 40px;\">3<\/p>\t<div class=\"step-content\">\t\t<div class=\"takimca-step-title\"><h3 >Support<\/h3><\/div>\t\t<div class=\"takimca-step-description\">\n<p>We offer comprehensive support for the IT solutions utilized by our clients, whether<br \/>\ndeveloped by ScienceSoft or other teams. This includes adding new functionality,<br \/>\nenhancing interoperability, improving performance and usability, and resolving any bugs.<\/p>\n<\/div>\t<\/div>\t<div class=\"takimca-step-line\" style=\"left: 20px;\"><\/div><\/div><\/div><div class=\"fusion-title title fusion-title-4 fusion-title-text fusion-title-size-two\"><div class=\"title-sep-container title-sep-container-left fusion-no-large-visibility fusion-no-medium-visibility fusion-no-small-visibility\"><div class=\"title-sep sep- sep-solid\" style=\"border-color:var(--awb-color3);\"><\/div><\/div><span class=\"awb-title-spacer fusion-no-large-visibility fusion-no-medium-visibility fusion-no-small-visibility\"><\/span><h2 class=\"fusion-title-heading title-heading-left fusion-responsive-typography-calculated\" style=\"margin:0;text-transform:capitalize;--fontSize:42;line-height:var(--awb-typography1-line-height);\">Why Choose Tak\u0131mca?<\/h2><span class=\"awb-title-spacer\"><\/span><div class=\"title-sep-container title-sep-container-right\"><div class=\"title-sep sep- sep-solid\" style=\"border-color:var(--awb-color3);\"><\/div><\/div><\/div><div class=\"fusion-text fusion-text-4\"><p>At Tak\u0131mca, we&#8217;re committed to delivering exceptional solutions tailored to your needs. Here&#8217;s why you should choose us:<\/p>\n<ol>\n<li><strong>Expertise:<\/strong> Our team consists of skilled professionals with years of experience in their respective fields. We bring expertise and innovation to every project we undertake.<\/li>\n<li><strong>Customization:<\/strong> We understand that every business is unique. That&#8217;s why we offer customized solutions that align with your goals and objectives, ensuring maximum value and impact.<\/li>\n<li><strong>Reliability:<\/strong> When you choose Tak\u0131mca, you can count on us to deliver results. We prioritize reliability and consistency in everything we do, earning the trust of our clients time and time again.<\/li>\n<li><strong>Collaboration:<\/strong> We believe in the power of collaboration. We work closely with our clients to understand their needs, communicate openly, and deliver solutions that exceed expectations.<\/li>\n<li><strong>Results-Oriented: <\/strong>Our ultimate goal is to help your business succeed. We&#8217;re resultsoriented, focusing on delivering tangible outcomes that drive growth and innovation.<\/li>\n<\/ol>\n<p>Choose Tak\u0131mca for your next project and experience the difference firsthand.<\/p>\n<\/div><div class=\"takimca-card takimca-card-1\"><style type=\"text\/css\"><\/style><div class=\"takimca-card-content\"><div class=\"content\"><p class=\"takimca-card-title\">Contact Us<\/p><div class=\"takimca-card-description\"><p>Ready to get started? Interested in learning more about partnership opportunities? Reach out to us for a complimentary consultation and discover how we can collaborate. Our experts are available to present TAKIMCA services and offer demos, success stories, and any other materials you may require<\/p>\n<\/div><\/div><div class=\"button\"><a class=\"card-button\" href=\"\/contact\">CONTACT US<\/a><\/div><\/div><\/div><\/div><\/div><\/div><\/div>\n","protected":false},"excerpt":{"rendered":"","protected":false},"author":1,"featured_media":0,"parent":8285,"menu_order":0,"comment_status":"closed","ping_status":"closed","template":"100-width.php","meta":{"inline_featured_image":false,"footnotes":""},"class_list":["post-8290","page","type-page","status-publish","hentry"],"yoast_head":"<!-- This site is optimized with the Yoast SEO Premium plugin v23.7 (Yoast SEO v23.7) - https:\/\/yoast.com\/wordpress\/plugins\/seo\/ -->\n<title>Python Developer Position | Careers at TAKIMCA<\/title>\n<meta name=\"description\" content=\"Join TAKIMCA as a Python Developer. Build scalable backend systems, develop APIs, and contribute to innovative IT projects in a collaborative environment.\" \/>\n<meta name=\"robots\" content=\"index, follow, max-snippet:-1, max-image-preview:large, max-video-preview:-1\" \/>\n<link rel=\"canonical\" href=\"https:\/\/takimca.com\/tr\/about\/careers\/python-developer\/\" \/>\n<meta property=\"og:locale\" content=\"tr_TR\" \/>\n<meta property=\"og:type\" content=\"article\" \/>\n<meta property=\"og:title\" content=\"Python Developer\" \/>\n<meta property=\"og:description\" content=\"Join TAKIMCA as a Python Developer. Build scalable backend systems, develop APIs, and contribute to innovative IT projects in a collaborative environment.\" \/>\n<meta property=\"og:url\" content=\"https:\/\/takimca.com\/tr\/about\/careers\/python-developer\/\" \/>\n<meta property=\"og:site_name\" content=\"TAKIMCA\" \/>\n<meta property=\"article:modified_time\" content=\"2025-05-12T22:29:25+00:00\" \/>\n<meta name=\"twitter:card\" content=\"summary_large_image\" \/>\n<meta name=\"twitter:label1\" content=\"Tahmini okuma s\u00fcresi\" \/>\n\t<meta name=\"twitter:data1\" content=\"3 dakika\" \/>\n<script type=\"application\/ld+json\" class=\"yoast-schema-graph\">{\"@context\":\"https:\/\/schema.org\",\"@graph\":[{\"@type\":\"WebPage\",\"@id\":\"https:\/\/takimca.com\/tr\/about\/careers\/python-developer\/\",\"url\":\"https:\/\/takimca.com\/tr\/about\/careers\/python-developer\/\",\"name\":\"Python Developer Position | Careers at TAKIMCA\",\"isPartOf\":{\"@id\":\"https:\/\/takimca.com\/tr\/#website\"},\"datePublished\":\"2024-12-29T16:12:58+00:00\",\"dateModified\":\"2025-05-12T22:29:25+00:00\",\"description\":\"Join TAKIMCA as a Python Developer. Build scalable backend systems, develop APIs, and contribute to innovative IT projects in a collaborative environment.\",\"breadcrumb\":{\"@id\":\"https:\/\/takimca.com\/tr\/about\/careers\/python-developer\/#breadcrumb\"},\"inLanguage\":\"tr\",\"potentialAction\":[{\"@type\":\"ReadAction\",\"target\":[\"https:\/\/takimca.com\/tr\/about\/careers\/python-developer\/\"]}]},{\"@type\":\"BreadcrumbList\",\"@id\":\"https:\/\/takimca.com\/tr\/about\/careers\/python-developer\/#breadcrumb\",\"itemListElement\":[{\"@type\":\"ListItem\",\"position\":1,\"name\":\"Home\",\"item\":\"https:\/\/takimca.com\/tr\/\"},{\"@type\":\"ListItem\",\"position\":2,\"name\":\"About\",\"item\":\"https:\/\/takimca.com\/tr\/about\/\"},{\"@type\":\"ListItem\",\"position\":3,\"name\":\"Careers\",\"item\":\"https:\/\/takimca.com\/tr\/about\/careers\/\"},{\"@type\":\"ListItem\",\"position\":4,\"name\":\"Python Developer\"}]},{\"@type\":\"WebSite\",\"@id\":\"https:\/\/takimca.com\/tr\/#website\",\"url\":\"https:\/\/takimca.com\/tr\/\",\"name\":\"TAKIMCA\",\"description\":\"Team Work, Easy Work.\",\"publisher\":{\"@id\":\"https:\/\/takimca.com\/tr\/#organization\"},\"potentialAction\":[{\"@type\":\"SearchAction\",\"target\":{\"@type\":\"EntryPoint\",\"urlTemplate\":\"https:\/\/takimca.com\/tr\/?s={search_term_string}\"},\"query-input\":{\"@type\":\"PropertyValueSpecification\",\"valueRequired\":true,\"valueName\":\"search_term_string\"}}],\"inLanguage\":\"tr\"},{\"@type\":\"Organization\",\"@id\":\"https:\/\/takimca.com\/tr\/#organization\",\"name\":\"Tak\u0131mca Dan\u0131\u015fmanl\u0131k Anonim \u015eirketi\",\"url\":\"https:\/\/takimca.com\/tr\/\",\"logo\":{\"@type\":\"ImageObject\",\"inLanguage\":\"tr\",\"@id\":\"https:\/\/takimca.com\/tr\/#\/schema\/logo\/image\/\",\"url\":\"https:\/\/takimca.com\/wp-content\/uploads\/2023\/11\/takimca_favicon.png\",\"contentUrl\":\"https:\/\/takimca.com\/wp-content\/uploads\/2023\/11\/takimca_favicon.png\",\"width\":310,\"height\":226,\"caption\":\"Tak\u0131mca Dan\u0131\u015fmanl\u0131k Anonim \u015eirketi\"},\"image\":{\"@id\":\"https:\/\/takimca.com\/tr\/#\/schema\/logo\/image\/\"}}]}<\/script>\n<!-- \/ Yoast SEO Premium plugin. -->","yoast_head_json":{"title":"Python Developer Position | Careers at TAKIMCA","description":"Join TAKIMCA as a Python Developer. Build scalable backend systems, develop APIs, and contribute to innovative IT projects in a collaborative environment.","robots":{"index":"index","follow":"follow","max-snippet":"max-snippet:-1","max-image-preview":"max-image-preview:large","max-video-preview":"max-video-preview:-1"},"canonical":"https:\/\/takimca.com\/tr\/about\/careers\/python-developer\/","og_locale":"tr_TR","og_type":"article","og_title":"Python Developer","og_description":"Join TAKIMCA as a Python Developer. Build scalable backend systems, develop APIs, and contribute to innovative IT projects in a collaborative environment.","og_url":"https:\/\/takimca.com\/tr\/about\/careers\/python-developer\/","og_site_name":"TAKIMCA","article_modified_time":"2025-05-12T22:29:25+00:00","twitter_card":"summary_large_image","twitter_misc":{"Tahmini okuma s\u00fcresi":"3 dakika"},"schema":{"@context":"https:\/\/schema.org","@graph":[{"@type":"WebPage","@id":"https:\/\/takimca.com\/tr\/about\/careers\/python-developer\/","url":"https:\/\/takimca.com\/tr\/about\/careers\/python-developer\/","name":"Python Developer Position | Careers at TAKIMCA","isPartOf":{"@id":"https:\/\/takimca.com\/tr\/#website"},"datePublished":"2024-12-29T16:12:58+00:00","dateModified":"2025-05-12T22:29:25+00:00","description":"Join TAKIMCA as a Python Developer. Build scalable backend systems, develop APIs, and contribute to innovative IT projects in a collaborative environment.","breadcrumb":{"@id":"https:\/\/takimca.com\/tr\/about\/careers\/python-developer\/#breadcrumb"},"inLanguage":"tr","potentialAction":[{"@type":"ReadAction","target":["https:\/\/takimca.com\/tr\/about\/careers\/python-developer\/"]}]},{"@type":"BreadcrumbList","@id":"https:\/\/takimca.com\/tr\/about\/careers\/python-developer\/#breadcrumb","itemListElement":[{"@type":"ListItem","position":1,"name":"Home","item":"https:\/\/takimca.com\/tr\/"},{"@type":"ListItem","position":2,"name":"About","item":"https:\/\/takimca.com\/tr\/about\/"},{"@type":"ListItem","position":3,"name":"Careers","item":"https:\/\/takimca.com\/tr\/about\/careers\/"},{"@type":"ListItem","position":4,"name":"Python Developer"}]},{"@type":"WebSite","@id":"https:\/\/takimca.com\/tr\/#website","url":"https:\/\/takimca.com\/tr\/","name":"TAKIMCA","description":"Team Work, Easy Work.","publisher":{"@id":"https:\/\/takimca.com\/tr\/#organization"},"potentialAction":[{"@type":"SearchAction","target":{"@type":"EntryPoint","urlTemplate":"https:\/\/takimca.com\/tr\/?s={search_term_string}"},"query-input":{"@type":"PropertyValueSpecification","valueRequired":true,"valueName":"search_term_string"}}],"inLanguage":"tr"},{"@type":"Organization","@id":"https:\/\/takimca.com\/tr\/#organization","name":"Tak\u0131mca Dan\u0131\u015fmanl\u0131k Anonim \u015eirketi","url":"https:\/\/takimca.com\/tr\/","logo":{"@type":"ImageObject","inLanguage":"tr","@id":"https:\/\/takimca.com\/tr\/#\/schema\/logo\/image\/","url":"https:\/\/takimca.com\/wp-content\/uploads\/2023\/11\/takimca_favicon.png","contentUrl":"https:\/\/takimca.com\/wp-content\/uploads\/2023\/11\/takimca_favicon.png","width":310,"height":226,"caption":"Tak\u0131mca Dan\u0131\u015fmanl\u0131k Anonim \u015eirketi"},"image":{"@id":"https:\/\/takimca.com\/tr\/#\/schema\/logo\/image\/"}}]}},"_links":{"self":[{"href":"https:\/\/takimca.com\/tr\/wp-json\/wp\/v2\/pages\/8290","targetHints":{"allow":["GET"]}}],"collection":[{"href":"https:\/\/takimca.com\/tr\/wp-json\/wp\/v2\/pages"}],"about":[{"href":"https:\/\/takimca.com\/tr\/wp-json\/wp\/v2\/types\/page"}],"author":[{"embeddable":true,"href":"https:\/\/takimca.com\/tr\/wp-json\/wp\/v2\/users\/1"}],"replies":[{"embeddable":true,"href":"https:\/\/takimca.com\/tr\/wp-json\/wp\/v2\/comments?post=8290"}],"version-history":[{"count":2,"href":"https:\/\/takimca.com\/tr\/wp-json\/wp\/v2\/pages\/8290\/revisions"}],"predecessor-version":[{"id":8292,"href":"https:\/\/takimca.com\/tr\/wp-json\/wp\/v2\/pages\/8290\/revisions\/8292"}],"up":[{"embeddable":true,"href":"https:\/\/takimca.com\/tr\/wp-json\/wp\/v2\/pages\/8285"}],"wp:attachment":[{"href":"https:\/\/takimca.com\/tr\/wp-json\/wp\/v2\/media?parent=8290"}],"curies":[{"name":"wp","href":"https:\/\/api.w.org\/{rel}","templated":true}]}}