{"id":3827,"date":"2021-11-12T15:17:54","date_gmt":"2021-11-12T15:17:54","guid":{"rendered":"https:\/\/avadawebsites.wpengine.com\/classic\/?page_id=3827"},"modified":"2025-05-13T01:31:41","modified_gmt":"2025-05-12T22:31:41","slug":"about","status":"publish","type":"page","link":"https:\/\/takimca.com\/tr\/about\/","title":{"rendered":"About"},"content":{"rendered":"<p><div class=\"fusion-fullwidth fullwidth-box fusion-builder-row-1 fusion-flex-container has-pattern-background has-mask-background nonhundred-percent-fullwidth non-hundred-percent-height-scrolling\" style=\"--awb-border-radius-top-left:0px;--awb-border-radius-top-right:0px;--awb-border-radius-bottom-right:0px;--awb-border-radius-bottom-left:0px;--awb-padding-top:40px;--awb-margin-top:40px;--awb-margin-bottom:40px;--awb-flex-wrap:wrap;\" ><div class=\"fusion-builder-row fusion-row fusion-flex-align-items-center fusion-flex-content-wrap\" style=\"max-width:1422.72px;margin-left: calc(-4% \/ 2 );margin-right: calc(-4% \/ 2 );\"><div class=\"fusion-layout-column fusion_builder_column fusion-builder-column-0 fusion_builder_column_1_2 1_2 fusion-flex-column\" style=\"--awb-padding-top:40px;--awb-padding-right:40px;--awb-padding-bottom:40px;--awb-padding-left:40px;--awb-bg-size:cover;--awb-width-large:50%;--awb-margin-top-large:0px;--awb-spacing-right-large:3.84%;--awb-margin-bottom-large:20px;--awb-spacing-left-large:3.84%;--awb-width-medium:100%;--awb-order-medium:0;--awb-spacing-right-medium:1.92%;--awb-spacing-left-medium:1.92%;--awb-width-small:100%;--awb-order-small:0;--awb-spacing-right-small:1.92%;--awb-spacing-left-small:1.92%;\" data-motion-effects=\"[{&quot;type&quot;:&quot;&quot;,&quot;scroll_type&quot;:&quot;transition&quot;,&quot;scroll_direction&quot;:&quot;up&quot;,&quot;transition_speed&quot;:&quot;1&quot;,&quot;fade_type&quot;:&quot;in&quot;,&quot;scale_type&quot;:&quot;up&quot;,&quot;initial_scale&quot;:&quot;1&quot;,&quot;max_scale&quot;:&quot;1.5&quot;,&quot;min_scale&quot;:&quot;0.5&quot;,&quot;initial_rotate&quot;:&quot;0&quot;,&quot;end_rotate&quot;:&quot;30&quot;,&quot;initial_blur&quot;:&quot;0&quot;,&quot;end_blur&quot;:&quot;3&quot;,&quot;start_element&quot;:&quot;top&quot;,&quot;start_viewport&quot;:&quot;bottom&quot;,&quot;end_element&quot;:&quot;bottom&quot;,&quot;end_viewport&quot;:&quot;top&quot;,&quot;mouse_effect&quot;:&quot;track&quot;,&quot;mouse_effect_direction&quot;:&quot;opposite&quot;,&quot;mouse_effect_speed&quot;:&quot;2&quot;,&quot;infinite_animation&quot;:&quot;float&quot;,&quot;infinite_animation_speed&quot;:&quot;2&quot;}]\" data-scroll-devices=\"small-visibility,medium-visibility,large-visibility\"><div class=\"fusion-column-wrapper fusion-column-has-shadow fusion-flex-justify-content-flex-start fusion-content-layout-column\"><div class=\"fusion-title title fusion-title-1 fusion-title-text fusion-title-size-one\"><div class=\"title-sep-container title-sep-container-left\"><div class=\"title-sep sep- sep-solid\" style=\"border-color:var(--awb-color3);\"><\/div><\/div><span class=\"awb-title-spacer\"><\/span><h1 class=\"fusion-title-heading title-heading-right fusion-responsive-typography-calculated\" style=\"margin:0;text-transform:capitalize;--fontSize:60;line-height:var(--awb-typography1-line-height);\">About Tak\u0131mca \u2013<\/h1><span class=\"awb-title-spacer fusion-no-large-visibility fusion-no-medium-visibility fusion-no-small-visibility\"><\/span><div class=\"title-sep-container title-sep-container-right fusion-no-large-visibility fusion-no-medium-visibility fusion-no-small-visibility\"><div class=\"title-sep sep- sep-solid\" style=\"border-color:var(--awb-color3);\"><\/div><\/div><\/div><div class=\"fusion-title title fusion-title-2 fusion-title-text fusion-title-size-three\" style=\"--awb-text-color:#004485;--awb-margin-top:-15px;\"><div class=\"title-sep-container title-sep-container-left\"><div class=\"title-sep sep- sep-solid\" style=\"border-color:var(--awb-color3);\"><\/div><\/div><span class=\"awb-title-spacer\"><\/span><h3 class=\"fusion-title-heading title-heading-right fusion-responsive-typography-calculated\" style=\"font-family:&quot;Open Sans&quot;;font-style:normal;font-weight:500;margin:0;text-transform:capitalize;--fontSize:25;line-height:var(--awb-typography1-line-height);\"><p class=\"p1\">Driving Excellence Together<\/p><\/h3><span class=\"awb-title-spacer fusion-no-large-visibility fusion-no-medium-visibility fusion-no-small-visibility\"><\/span><div class=\"title-sep-container title-sep-container-right fusion-no-large-visibility fusion-no-medium-visibility fusion-no-small-visibility\"><div class=\"title-sep sep- sep-solid\" style=\"border-color:var(--awb-color3);\"><\/div><\/div><\/div><div class=\"fusion-text fusion-text-1\" style=\"--awb-content-alignment:justify;\"><p class=\"p1\">Tak\u0131mca is a global provider of IT consulting and software development services. We are trusted by clients for our commitment to excellence, transparent collaboration, and delivering solutions that consistently meet their needs.<\/p>\n<\/div><\/div><\/div><div class=\"fusion-layout-column fusion_builder_column fusion-builder-column-1 fusion_builder_column_1_2 1_2 fusion-flex-column\" style=\"--awb-padding-top:40px;--awb-padding-right:40px;--awb-padding-bottom:40px;--awb-padding-left:40px;--awb-bg-size:cover;--awb-width-large:50%;--awb-margin-top-large:0px;--awb-spacing-right-large:3.84%;--awb-margin-bottom-large:20px;--awb-spacing-left-large:3.84%;--awb-width-medium:100%;--awb-order-medium:0;--awb-spacing-right-medium:1.92%;--awb-spacing-left-medium:1.92%;--awb-width-small:100%;--awb-order-small:0;--awb-spacing-right-small:1.92%;--awb-spacing-left-small:1.92%;\" data-motion-effects=\"[{&quot;type&quot;:&quot;&quot;,&quot;scroll_type&quot;:&quot;transition&quot;,&quot;scroll_direction&quot;:&quot;up&quot;,&quot;transition_speed&quot;:&quot;1&quot;,&quot;fade_type&quot;:&quot;in&quot;,&quot;scale_type&quot;:&quot;up&quot;,&quot;initial_scale&quot;:&quot;1&quot;,&quot;max_scale&quot;:&quot;1.5&quot;,&quot;min_scale&quot;:&quot;0.5&quot;,&quot;initial_rotate&quot;:&quot;0&quot;,&quot;end_rotate&quot;:&quot;30&quot;,&quot;initial_blur&quot;:&quot;0&quot;,&quot;end_blur&quot;:&quot;3&quot;,&quot;start_element&quot;:&quot;top&quot;,&quot;start_viewport&quot;:&quot;bottom&quot;,&quot;end_element&quot;:&quot;bottom&quot;,&quot;end_viewport&quot;:&quot;top&quot;,&quot;mouse_effect&quot;:&quot;track&quot;,&quot;mouse_effect_direction&quot;:&quot;opposite&quot;,&quot;mouse_effect_speed&quot;:&quot;2&quot;,&quot;infinite_animation&quot;:&quot;float&quot;,&quot;infinite_animation_speed&quot;:&quot;2&quot;}]\" data-scroll-devices=\"small-visibility,medium-visibility,large-visibility\"><div class=\"fusion-column-wrapper fusion-column-has-shadow fusion-flex-justify-content-flex-start fusion-content-layout-column\"><div class=\"fusion-image-element \" style=\"--awb-caption-title-font-family:var(--h2_typography-font-family);--awb-caption-title-font-weight:var(--h2_typography-font-weight);--awb-caption-title-font-style:var(--h2_typography-font-style);--awb-caption-title-size:var(--h2_typography-font-size);--awb-caption-title-transform:var(--h2_typography-text-transform);--awb-caption-title-line-height:var(--h2_typography-line-height);--awb-caption-title-letter-spacing:var(--h2_typography-letter-spacing);\"><span class=\" fusion-imageframe imageframe-none imageframe-1 hover-type-none\"><img decoding=\"async\" width=\"1024\" height=\"728\" title=\"Takimca-About\" src=\"https:\/\/takimca.com\/wp-content\/uploads\/2024\/12\/Takimca-About-1024x728.jpg\" alt class=\"img-responsive wp-image-9297\" srcset=\"https:\/\/takimca.com\/wp-content\/uploads\/2024\/12\/Takimca-About-200x142.jpg 200w, https:\/\/takimca.com\/wp-content\/uploads\/2024\/12\/Takimca-About-400x284.jpg 400w, https:\/\/takimca.com\/wp-content\/uploads\/2024\/12\/Takimca-About-600x426.jpg 600w, https:\/\/takimca.com\/wp-content\/uploads\/2024\/12\/Takimca-About-800x568.jpg 800w, https:\/\/takimca.com\/wp-content\/uploads\/2024\/12\/Takimca-About-1200x853.jpg 1200w, https:\/\/takimca.com\/wp-content\/uploads\/2024\/12\/Takimca-About.jpg 1520w\" sizes=\"(max-width: 1024px) 100vw, (max-width: 640px) 100vw, 600px\" \/><\/span><\/div><\/div><\/div><\/div><\/div>\n<div class=\"fusion-fullwidth fullwidth-box fusion-builder-row-2 fusion-flex-container nonhundred-percent-fullwidth non-hundred-percent-height-scrolling\" style=\"--awb-border-radius-top-left:0px;--awb-border-radius-top-right:0px;--awb-border-radius-bottom-right:0px;--awb-border-radius-bottom-left:0px;--awb-padding-right:0px;--awb-padding-left:0px;--awb-flex-wrap:wrap;\" ><div class=\"fusion-builder-row fusion-row fusion-flex-align-items-flex-start fusion-flex-justify-content-center fusion-flex-content-wrap\" style=\"max-width:1422.72px;margin-left: calc(-4% \/ 2 );margin-right: calc(-4% \/ 2 );\"><div class=\"fusion-layout-column fusion_builder_column fusion-builder-column-2 fusion_builder_column_1_1 1_1 fusion-flex-column\" style=\"--awb-padding-top:130px;--awb-padding-right:0px;--awb-padding-bottom:50px;--awb-padding-left:0px;--awb-bg-size:cover;--awb-width-large:100%;--awb-margin-top-large:0px;--awb-spacing-right-large:1.92%;--awb-margin-bottom-large:20px;--awb-spacing-left-large:1.92%;--awb-width-medium:100%;--awb-order-medium:0;--awb-spacing-right-medium:1.92%;--awb-spacing-left-medium:1.92%;--awb-width-small:100%;--awb-order-small:0;--awb-spacing-right-small:1.92%;--awb-spacing-left-small:1.92%;\"><div class=\"fusion-column-wrapper fusion-column-has-shadow fusion-flex-justify-content-flex-start fusion-content-layout-column\"><div class=\"takimca-content-box takimca-content-box-1\">\n\t\t\t\t\t<div class=\"takimca_content_box_image\" >\n\t\t\t\t\t\t<img decoding=\"async\" src=\"https:\/\/takimca.com\/wp-content\/uploads\/2024\/05\/managed-it-services.webp\">\n\t\t\t\t\t<\/div>\n\t\t\t\t\t<div class=\"takimca_content_box_content\"><h2>Every Part of Your IT Ecosystem. Taken Care Of.<\/h2><p>Comprehensive care of your cloud or on-premises infrastructure and applications:<\/p>\n<ul>\n<li>Consulting<\/li>\n<li>Implementation<\/li>\n<li>Management and support<\/li>\n<li>Security<\/li>\n<li>Help desk services<\/li>\n<li>Migration<\/li>\n<\/ul>\n\t\n\t\t\t\t\t<a class=\"takimca_explore_button\" href=\"#\">Explore further<\/a>\t\n\t\t\t\t\t<\/div>\n\t\t\t\t<\/div><\/div><\/div><\/div><\/div><div class=\"fusion-fullwidth fullwidth-box fusion-builder-row-3 fusion-flex-container nonhundred-percent-fullwidth non-hundred-percent-height-scrolling\" style=\"--awb-border-radius-top-left:0px;--awb-border-radius-top-right:0px;--awb-border-radius-bottom-right:0px;--awb-border-radius-bottom-left:0px;--awb-padding-top:30px;--awb-padding-bottom:30px;--awb-background-color:#f0f9ff;--awb-flex-wrap:wrap;\" ><div class=\"fusion-builder-row fusion-row fusion-flex-align-items-flex-start fusion-flex-content-wrap\" style=\"max-width:1422.72px;margin-left: calc(-4% \/ 2 );margin-right: calc(-4% \/ 2 );\"><div class=\"fusion-layout-column fusion_builder_column fusion-builder-column-3 fusion_builder_column_1_1 1_1 fusion-flex-column\" style=\"--awb-bg-size:cover;--awb-width-large:100%;--awb-margin-top-large:0px;--awb-spacing-right-large:1.92%;--awb-margin-bottom-large:20px;--awb-spacing-left-large:1.92%;--awb-width-medium:100%;--awb-order-medium:0;--awb-spacing-right-medium:1.92%;--awb-spacing-left-medium:1.92%;--awb-width-small:100%;--awb-order-small:0;--awb-spacing-right-small:1.92%;--awb-spacing-left-small:1.92%;\"><div class=\"fusion-column-wrapper fusion-column-has-shadow fusion-flex-justify-content-flex-start fusion-content-layout-column\"><div class=\"fusion-title title fusion-title-3 fusion-title-text fusion-title-size-two\" style=\"--awb-margin-right:0px;--awb-margin-bottom:0px;--awb-margin-left:0px;\"><div class=\"title-sep-container title-sep-container-left fusion-no-large-visibility fusion-no-medium-visibility fusion-no-small-visibility\"><div class=\"title-sep sep- sep-solid\" style=\"border-color:var(--awb-color3);\"><\/div><\/div><span class=\"awb-title-spacer fusion-no-large-visibility fusion-no-medium-visibility fusion-no-small-visibility\"><\/span><h2 class=\"fusion-title-heading title-heading-left fusion-responsive-typography-calculated\" style=\"margin:0;text-transform:capitalize;--fontSize:42;line-height:var(--awb-typography1-line-height);\">Why Businesses Choose Tak\u0131mca<\/h2><span class=\"awb-title-spacer\"><\/span><div class=\"title-sep-container title-sep-container-right\"><div class=\"title-sep sep- sep-solid\" style=\"border-color:var(--awb-color3);\"><\/div><\/div><\/div><\/div><\/div><div class=\"fusion-layout-column fusion_builder_column fusion-builder-column-4 fusion_builder_column_1_2 1_2 fusion-flex-column\" style=\"--awb-bg-size:cover;--awb-width-large:50%;--awb-margin-top-large:0px;--awb-spacing-right-large:3.84%;--awb-margin-bottom-large:20px;--awb-spacing-left-large:3.84%;--awb-width-medium:100%;--awb-order-medium:0;--awb-spacing-right-medium:1.92%;--awb-spacing-left-medium:1.92%;--awb-width-small:100%;--awb-order-small:0;--awb-spacing-right-small:1.92%;--awb-spacing-left-small:1.92%;\"><div class=\"fusion-column-wrapper fusion-column-has-shadow fusion-flex-justify-content-flex-start fusion-content-layout-column\"><div class=\"fusion-text fusion-text-2\"><ul>\n<li>15+ success stories.<\/li>\n<li>50+ happy clients.<\/li>\n<li>An inspired, close-knit team of 20+ IT specialists, including IT consultants, project managers, technical architects, developers, QA engineers, security and DevOps engineers, AWS and Azure professionals.<\/li>\n<\/ul>\n<\/div><\/div><\/div><div class=\"fusion-layout-column fusion_builder_column fusion-builder-column-5 fusion_builder_column_1_2 1_2 fusion-flex-column\" style=\"--awb-bg-size:cover;--awb-width-large:50%;--awb-margin-top-large:0px;--awb-spacing-right-large:3.84%;--awb-margin-bottom-large:20px;--awb-spacing-left-large:3.84%;--awb-width-medium:100%;--awb-order-medium:0;--awb-spacing-right-medium:1.92%;--awb-spacing-left-medium:1.92%;--awb-width-small:100%;--awb-order-small:0;--awb-spacing-right-small:1.92%;--awb-spacing-left-small:1.92%;\"><div class=\"fusion-column-wrapper fusion-column-has-shadow fusion-flex-justify-content-flex-start fusion-content-layout-column\"><div class=\"fusion-text fusion-text-3\"><ul>\n<li>Partnerships with Microsoft and AWS.<\/li>\n<li>A quality-first approach based on a mature ISO 9001-certified\u00a0quality management system.<\/li>\n<li>ISO 27001-certified\u00a0security management\u00a0based on field-tested security knowledge, ever-green policies, effective processes, advanced security technology, and skilled professionals.<\/li>\n<\/ul>\n<\/div><\/div><\/div><\/div><\/div><\/p>\n","protected":false},"excerpt":{"rendered":"","protected":false},"author":1,"featured_media":3843,"parent":0,"menu_order":0,"comment_status":"closed","ping_status":"closed","template":"100-width.php","meta":{"inline_featured_image":false,"footnotes":""},"class_list":["post-3827","page","type-page","status-publish","has-post-thumbnail","hentry"],"yoast_head":"<!-- This site is optimized with the Yoast SEO Premium plugin v23.7 (Yoast SEO v23.7) - https:\/\/yoast.com\/wordpress\/plugins\/seo\/ -->\n<title>About | TAKIMCA | Global IT Managed Services Provider<\/title>\n<meta name=\"description\" content=\"Tak\u0131mca delivers global IT managed services with a focus on excellence, transparency, and tailored solutions to drive business success. Partner with us to streamline your IT operations.\" \/>\n<meta name=\"robots\" content=\"index, follow, max-snippet:-1, max-image-preview:large, max-video-preview:-1\" \/>\n<link rel=\"canonical\" href=\"https:\/\/takimca.com\/tr\/about\/\" \/>\n<meta property=\"og:locale\" content=\"tr_TR\" \/>\n<meta property=\"og:type\" content=\"article\" \/>\n<meta property=\"og:title\" content=\"About\" \/>\n<meta property=\"og:description\" content=\"Tak\u0131mca delivers global IT managed services with a focus on excellence, transparency, and tailored solutions to drive business success. Partner with us to streamline your IT operations.\" \/>\n<meta property=\"og:url\" content=\"https:\/\/takimca.com\/tr\/about\/\" \/>\n<meta property=\"og:site_name\" content=\"TAKIMCA\" \/>\n<meta property=\"article:modified_time\" content=\"2025-05-12T22:31:41+00:00\" \/>\n<meta name=\"twitter:card\" content=\"summary_large_image\" \/>\n<meta name=\"twitter:label1\" content=\"Tahmini okuma s\u00fcresi\" \/>\n\t<meta name=\"twitter:data1\" content=\"2 dakika\" \/>\n<script type=\"application\/ld+json\" class=\"yoast-schema-graph\">{\"@context\":\"https:\/\/schema.org\",\"@graph\":[{\"@type\":\"WebPage\",\"@id\":\"https:\/\/takimca.com\/tr\/about\/\",\"url\":\"https:\/\/takimca.com\/tr\/about\/\",\"name\":\"About | TAKIMCA | Global IT Managed Services Provider\",\"isPartOf\":{\"@id\":\"https:\/\/takimca.com\/tr\/#website\"},\"primaryImageOfPage\":{\"@id\":\"https:\/\/takimca.com\/tr\/about\/#primaryimage\"},\"image\":{\"@id\":\"https:\/\/takimca.com\/tr\/about\/#primaryimage\"},\"thumbnailUrl\":\"\",\"datePublished\":\"2021-11-12T15:17:54+00:00\",\"dateModified\":\"2025-05-12T22:31:41+00:00\",\"description\":\"Tak\u0131mca delivers global IT managed services with a focus on excellence, transparency, and tailored solutions to drive business success. Partner with us to streamline your IT operations.\",\"breadcrumb\":{\"@id\":\"https:\/\/takimca.com\/tr\/about\/#breadcrumb\"},\"inLanguage\":\"tr\",\"potentialAction\":[{\"@type\":\"ReadAction\",\"target\":[\"https:\/\/takimca.com\/tr\/about\/\"]}]},{\"@type\":\"ImageObject\",\"inLanguage\":\"tr\",\"@id\":\"https:\/\/takimca.com\/tr\/about\/#primaryimage\",\"url\":\"\",\"contentUrl\":\"\"},{\"@type\":\"BreadcrumbList\",\"@id\":\"https:\/\/takimca.com\/tr\/about\/#breadcrumb\",\"itemListElement\":[{\"@type\":\"ListItem\",\"position\":1,\"name\":\"Home\",\"item\":\"https:\/\/takimca.com\/tr\/\"},{\"@type\":\"ListItem\",\"position\":2,\"name\":\"About\"}]},{\"@type\":\"WebSite\",\"@id\":\"https:\/\/takimca.com\/tr\/#website\",\"url\":\"https:\/\/takimca.com\/tr\/\",\"name\":\"TAKIMCA\",\"description\":\"Team Work, Easy Work.\",\"publisher\":{\"@id\":\"https:\/\/takimca.com\/tr\/#organization\"},\"potentialAction\":[{\"@type\":\"SearchAction\",\"target\":{\"@type\":\"EntryPoint\",\"urlTemplate\":\"https:\/\/takimca.com\/tr\/?s={search_term_string}\"},\"query-input\":{\"@type\":\"PropertyValueSpecification\",\"valueRequired\":true,\"valueName\":\"search_term_string\"}}],\"inLanguage\":\"tr\"},{\"@type\":\"Organization\",\"@id\":\"https:\/\/takimca.com\/tr\/#organization\",\"name\":\"Tak\u0131mca Dan\u0131\u015fmanl\u0131k Anonim \u015eirketi\",\"url\":\"https:\/\/takimca.com\/tr\/\",\"logo\":{\"@type\":\"ImageObject\",\"inLanguage\":\"tr\",\"@id\":\"https:\/\/takimca.com\/tr\/#\/schema\/logo\/image\/\",\"url\":\"https:\/\/takimca.com\/wp-content\/uploads\/2023\/11\/takimca_favicon.png\",\"contentUrl\":\"https:\/\/takimca.com\/wp-content\/uploads\/2023\/11\/takimca_favicon.png\",\"width\":310,\"height\":226,\"caption\":\"Tak\u0131mca Dan\u0131\u015fmanl\u0131k Anonim \u015eirketi\"},\"image\":{\"@id\":\"https:\/\/takimca.com\/tr\/#\/schema\/logo\/image\/\"}}]}<\/script>\n<!-- \/ Yoast SEO Premium plugin. -->","yoast_head_json":{"title":"About | TAKIMCA | Global IT Managed Services Provider","description":"Tak\u0131mca delivers global IT managed services with a focus on excellence, transparency, and tailored solutions to drive business success. Partner with us to streamline your IT operations.","robots":{"index":"index","follow":"follow","max-snippet":"max-snippet:-1","max-image-preview":"max-image-preview:large","max-video-preview":"max-video-preview:-1"},"canonical":"https:\/\/takimca.com\/tr\/about\/","og_locale":"tr_TR","og_type":"article","og_title":"About","og_description":"Tak\u0131mca delivers global IT managed services with a focus on excellence, transparency, and tailored solutions to drive business success. Partner with us to streamline your IT operations.","og_url":"https:\/\/takimca.com\/tr\/about\/","og_site_name":"TAKIMCA","article_modified_time":"2025-05-12T22:31:41+00:00","twitter_card":"summary_large_image","twitter_misc":{"Tahmini okuma s\u00fcresi":"2 dakika"},"schema":{"@context":"https:\/\/schema.org","@graph":[{"@type":"WebPage","@id":"https:\/\/takimca.com\/tr\/about\/","url":"https:\/\/takimca.com\/tr\/about\/","name":"About | TAKIMCA | Global IT Managed Services Provider","isPartOf":{"@id":"https:\/\/takimca.com\/tr\/#website"},"primaryImageOfPage":{"@id":"https:\/\/takimca.com\/tr\/about\/#primaryimage"},"image":{"@id":"https:\/\/takimca.com\/tr\/about\/#primaryimage"},"thumbnailUrl":"","datePublished":"2021-11-12T15:17:54+00:00","dateModified":"2025-05-12T22:31:41+00:00","description":"Tak\u0131mca delivers global IT managed services with a focus on excellence, transparency, and tailored solutions to drive business success. Partner with us to streamline your IT operations.","breadcrumb":{"@id":"https:\/\/takimca.com\/tr\/about\/#breadcrumb"},"inLanguage":"tr","potentialAction":[{"@type":"ReadAction","target":["https:\/\/takimca.com\/tr\/about\/"]}]},{"@type":"ImageObject","inLanguage":"tr","@id":"https:\/\/takimca.com\/tr\/about\/#primaryimage","url":"","contentUrl":""},{"@type":"BreadcrumbList","@id":"https:\/\/takimca.com\/tr\/about\/#breadcrumb","itemListElement":[{"@type":"ListItem","position":1,"name":"Home","item":"https:\/\/takimca.com\/tr\/"},{"@type":"ListItem","position":2,"name":"About"}]},{"@type":"WebSite","@id":"https:\/\/takimca.com\/tr\/#website","url":"https:\/\/takimca.com\/tr\/","name":"TAKIMCA","description":"Team Work, Easy Work.","publisher":{"@id":"https:\/\/takimca.com\/tr\/#organization"},"potentialAction":[{"@type":"SearchAction","target":{"@type":"EntryPoint","urlTemplate":"https:\/\/takimca.com\/tr\/?s={search_term_string}"},"query-input":{"@type":"PropertyValueSpecification","valueRequired":true,"valueName":"search_term_string"}}],"inLanguage":"tr"},{"@type":"Organization","@id":"https:\/\/takimca.com\/tr\/#organization","name":"Tak\u0131mca Dan\u0131\u015fmanl\u0131k Anonim \u015eirketi","url":"https:\/\/takimca.com\/tr\/","logo":{"@type":"ImageObject","inLanguage":"tr","@id":"https:\/\/takimca.com\/tr\/#\/schema\/logo\/image\/","url":"https:\/\/takimca.com\/wp-content\/uploads\/2023\/11\/takimca_favicon.png","contentUrl":"https:\/\/takimca.com\/wp-content\/uploads\/2023\/11\/takimca_favicon.png","width":310,"height":226,"caption":"Tak\u0131mca Dan\u0131\u015fmanl\u0131k Anonim \u015eirketi"},"image":{"@id":"https:\/\/takimca.com\/tr\/#\/schema\/logo\/image\/"}}]}},"_links":{"self":[{"href":"https:\/\/takimca.com\/tr\/wp-json\/wp\/v2\/pages\/3827","targetHints":{"allow":["GET"]}}],"collection":[{"href":"https:\/\/takimca.com\/tr\/wp-json\/wp\/v2\/pages"}],"about":[{"href":"https:\/\/takimca.com\/tr\/wp-json\/wp\/v2\/types\/page"}],"author":[{"embeddable":true,"href":"https:\/\/takimca.com\/tr\/wp-json\/wp\/v2\/users\/1"}],"replies":[{"embeddable":true,"href":"https:\/\/takimca.com\/tr\/wp-json\/wp\/v2\/comments?post=3827"}],"version-history":[{"count":29,"href":"https:\/\/takimca.com\/tr\/wp-json\/wp\/v2\/pages\/3827\/revisions"}],"predecessor-version":[{"id":9667,"href":"https:\/\/takimca.com\/tr\/wp-json\/wp\/v2\/pages\/3827\/revisions\/9667"}],"wp:featuredmedia":[{"embeddable":true,"href":"https:\/\/takimca.com\/tr\/wp-json\/"}],"wp:attachment":[{"href":"https:\/\/takimca.com\/tr\/wp-json\/wp\/v2\/media?parent=3827"}],"curies":[{"name":"wp","href":"https:\/\/api.w.org\/{rel}","templated":true}]}}